{"id":511,"date":"2023-10-07T00:26:21","date_gmt":"2023-10-07T00:26:21","guid":{"rendered":"https:\/\/loeoeli-bier.ch\/mentions-legales\/"},"modified":"2023-10-07T00:26:25","modified_gmt":"2023-10-07T00:26:25","slug":"mentions-legales","status":"publish","type":"page","link":"https:\/\/loeoeli-bier.ch\/fr\/mentions-legales\/","title":{"rendered":"Mentions l\u00e9gales"},"content":{"rendered":"\n<!-- Legal document generated by Complianz | GDPR\/CCPA Cookie Consent https:\/\/wordpress.org\/plugins\/complianz-gdpr -->\n<div id=\"cmplz-document\" class=\"cmplz-document impressum cmplz-document-all\"><p><i>This imprint was last updated on d\u00e9cembre 11, 2023.<\/i><\/p><p class=\"cmplz-subtitle\">The owner of this website is:<\/p><p>Brasserie la Marmotte SA AG<br>Route des Sommets de Crans 1<br \/>\r\n3963 Crans-Montana<br \/>\r\nSuisse<br>Switzerland<br>Email:&nbsp;c&#114;&#097;nsmo&#110;ta&#110;a&#064;b&#114;&#097;&#115;&#115;&#101;r&#105;&#101;-l&#097;&#045;&#109;ar&#109;&#111;tt&#101;.ch<br>Phone number: +41 27 481 34 14<br>VAT ID:&nbsp;CHE-114.508.251<\/p><p class=\"cmplz-subtitle\">The legal representative(s) of Brasserie la Marmotte SA AG:<\/p><p>Yves Klinger<\/p><h2>1. General<\/h2><p>We are not willing or obliged to participate in dispute resolution procedures before a consumer arbitration board.<\/p><\/div>","protected":false},"excerpt":{"rendered":"","protected":false},"author":1,"featured_media":0,"parent":0,"menu_order":0,"comment_status":"closed","ping_status":"closed","template":"","meta":{"_acf_changed":false,"_kad_blocks_custom_css":"","_kad_blocks_head_custom_js":"","_kad_blocks_body_custom_js":"","_kad_blocks_footer_custom_js":"","_kad_post_transparent":"","_kad_post_title":"","_kad_post_layout":"","_kad_post_sidebar_id":"","_kad_post_content_style":"","_kad_post_vertical_padding":"","_kad_post_feature":"","_kad_post_feature_position":"","_kad_post_header":false,"_kad_post_footer":false,"_kad_post_classname":"","slim_seo":{"title":"Mentions l\u00e9gales - L\u00f6\u00f6li Bier aus der B\u00fcR","description":""},"footnotes":""},"class_list":["post-511","page","type-page","status-publish","hentry"],"acf":[],"taxonomy_info":[],"featured_image_src_large":false,"author_info":{"display_name":"marcelheiniger","author_link":"https:\/\/loeoeli-bier.ch\/fr\/author\/marcelheiniger\/"},"comment_info":0,"_links":{"self":[{"href":"https:\/\/loeoeli-bier.ch\/fr\/wp-json\/wp\/v2\/pages\/511","targetHints":{"allow":["GET"]}}],"collection":[{"href":"https:\/\/loeoeli-bier.ch\/fr\/wp-json\/wp\/v2\/pages"}],"about":[{"href":"https:\/\/loeoeli-bier.ch\/fr\/wp-json\/wp\/v2\/types\/page"}],"author":[{"embeddable":true,"href":"https:\/\/loeoeli-bier.ch\/fr\/wp-json\/wp\/v2\/users\/1"}],"replies":[{"embeddable":true,"href":"https:\/\/loeoeli-bier.ch\/fr\/wp-json\/wp\/v2\/comments?post=511"}],"version-history":[{"count":1,"href":"https:\/\/loeoeli-bier.ch\/fr\/wp-json\/wp\/v2\/pages\/511\/revisions"}],"predecessor-version":[{"id":512,"href":"https:\/\/loeoeli-bier.ch\/fr\/wp-json\/wp\/v2\/pages\/511\/revisions\/512"}],"wp:attachment":[{"href":"https:\/\/loeoeli-bier.ch\/fr\/wp-json\/wp\/v2\/media?parent=511"}],"curies":[{"name":"wp","href":"https:\/\/api.w.org\/{rel}","templated":true}]}}