{"id":465,"date":"2023-08-04T14:36:33","date_gmt":"2023-08-04T14:36:33","guid":{"rendered":"https:\/\/looli.webdev4u.info\/?page_id=465"},"modified":"2023-08-04T14:54:07","modified_gmt":"2023-08-04T14:54:07","slug":"links","status":"publish","type":"page","link":"https:\/\/loeoeli-bier.ch\/fr\/links\/","title":{"rendered":"Liens"},"content":{"rendered":"<style>.kb-row-layout-id465_3036b7-a0 > .kt-row-column-wrap{align-content:center;}:where(.kb-row-layout-id465_3036b7-a0 > .kt-row-column-wrap) > .wp-block-kadence-column{justify-content:center;}.kb-row-layout-id465_3036b7-a0 > .kt-row-column-wrap{column-gap:var(--global-kb-gap-md, 2rem);row-gap:var(--global-kb-gap-md, 2rem);padding-top:var(--global-kb-spacing-sm, 1.5rem);padding-bottom:var(--global-kb-spacing-sm, 1.5rem);min-height:60vh;grid-template-columns:minmax(0, 1fr);}.kb-row-layout-id465_3036b7-a0{background-image:url('https:\/\/loeoeli-bier.ch\/wp-content\/uploads\/2023\/08\/BurenLooli.png');background-size:cover;background-position:center center;background-attachment:scroll;background-repeat:no-repeat;}.kb-row-layout-id465_3036b7-a0 > .kt-row-layout-overlay{opacity:0.70;background-color:#fcfcfc;}@media all and (max-width: 1024px){.kb-row-layout-id465_3036b7-a0 > .kt-row-column-wrap{grid-template-columns:minmax(0, 1fr);}}@media all and (max-width: 767px){.kb-row-layout-id465_3036b7-a0 > .kt-row-column-wrap{grid-template-columns:minmax(0, 1fr);}}<\/style><div class=\"kb-row-layout-wrap kb-row-layout-id465_3036b7-a0 alignfull kt-row-has-bg wp-block-kadence-rowlayout\"><div class=\"kt-row-layout-overlay kt-row-overlay-normal\"><\/div><div class=\"kt-row-column-wrap kt-has-1-columns kt-row-layout-equal kt-tab-layout-inherit kt-mobile-layout-row kt-row-valign-middle\">\n<style>.kadence-column465_3bd295-12 > .kt-inside-inner-col,.kadence-column465_3bd295-12 > .kt-inside-inner-col:before{border-top-left-radius:0px;border-top-right-radius:0px;border-bottom-right-radius:0px;border-bottom-left-radius:0px;}.kadence-column465_3bd295-12 > .kt-inside-inner-col{column-gap:var(--global-kb-gap-sm, 1rem);}.kadence-column465_3bd295-12 > .kt-inside-inner-col{flex-direction:column;}.kadence-column465_3bd295-12 > .kt-inside-inner-col > .aligncenter{width:100%;}.kadence-column465_3bd295-12 > .kt-inside-inner-col:before{opacity:0.3;}.kadence-column465_3bd295-12{position:relative;}@media all and (max-width: 1024px){.kadence-column465_3bd295-12 > .kt-inside-inner-col{flex-direction:column;justify-content:center;}}@media all and (max-width: 767px){.kadence-column465_3bd295-12 > .kt-inside-inner-col{flex-direction:column;justify-content:center;}}<\/style>\n<div class=\"wp-block-kadence-column kadence-column465_3bd295-12\"><div class=\"kt-inside-inner-col\"><style>.wp-block-kadence-advancedheading.kt-adv-heading465_6b8f90-13, .wp-block-kadence-advancedheading.kt-adv-heading465_6b8f90-13[data-kb-block=\"kb-adv-heading465_6b8f90-13\"]{text-align:left;font-size:var(--global-kb-font-size-xxl, 4rem);font-style:normal;}.wp-block-kadence-advancedheading.kt-adv-heading465_6b8f90-13 mark.kt-highlight, .wp-block-kadence-advancedheading.kt-adv-heading465_6b8f90-13[data-kb-block=\"kb-adv-heading465_6b8f90-13\"] mark.kt-highlight{font-style:normal;color:#f76a0c;-webkit-box-decoration-break:clone;box-decoration-break:clone;padding-top:0px;padding-right:0px;padding-bottom:0px;padding-left:0px;}.wp-block-kadence-advancedheading.kt-adv-heading465_6b8f90-13 img.kb-inline-image, .wp-block-kadence-advancedheading.kt-adv-heading465_6b8f90-13[data-kb-block=\"kb-adv-heading465_6b8f90-13\"] img.kb-inline-image{width:150px;vertical-align:baseline;}<\/style>\n<h1 class=\"kt-adv-heading465_6b8f90-13 wp-block-kadence-advancedheading\" data-kb-block=\"kb-adv-heading465_6b8f90-13\">Liste de liens<\/h1>\n<\/div><\/div>\n\n<\/div><\/div>\n\n<style>.kb-row-layout-id465_123bc0-2b > .kt-row-column-wrap{align-content:start;}:where(.kb-row-layout-id465_123bc0-2b > .kt-row-column-wrap) > .wp-block-kadence-column{justify-content:start;}.kb-row-layout-id465_123bc0-2b > .kt-row-column-wrap{column-gap:var(--global-kb-gap-md, 2rem);row-gap:var(--global-kb-gap-md, 2rem);padding-top:0px;padding-right:0px;padding-bottom:0px;padding-left:0px;grid-template-columns:repeat(2, minmax(0, 1fr));}.kb-row-layout-id465_123bc0-2b{background-color:rgba(201,159,86,0.3);}.kb-row-layout-id465_123bc0-2b > .kt-row-layout-overlay{opacity:0.30;}@media all and (max-width: 1024px){.kb-row-layout-id465_123bc0-2b > .kt-row-column-wrap{grid-template-columns:repeat(2, minmax(0, 1fr));}}@media all and (max-width: 767px){.kb-row-layout-id465_123bc0-2b > .kt-row-column-wrap{grid-template-columns:minmax(0, 1fr);}}<\/style><div class=\"kb-row-layout-wrap kb-row-layout-id465_123bc0-2b alignfull kt-row-has-bg wp-block-kadence-rowlayout\"><div class=\"kt-row-column-wrap kt-has-2-columns kt-row-layout-equal kt-tab-layout-inherit kt-mobile-layout-row kt-row-valign-top kt-inner-column-height-full\">\n<style>.kadence-column465_b32d72-44 > .kt-inside-inner-col{padding-top:var(--global-kb-spacing-md, 2rem);padding-right:0px;padding-bottom:var(--global-kb-spacing-md, 2rem);padding-left:var(--global-kb-spacing-md, 2rem);}.kadence-column465_b32d72-44 > .kt-inside-inner-col,.kadence-column465_b32d72-44 > .kt-inside-inner-col:before{border-top-left-radius:0px;border-top-right-radius:0px;border-bottom-right-radius:0px;border-bottom-left-radius:0px;}.kadence-column465_b32d72-44 > .kt-inside-inner-col{column-gap:var(--global-kb-gap-sm, 1rem);}.kadence-column465_b32d72-44 > .kt-inside-inner-col{flex-direction:column;}.kadence-column465_b32d72-44 > .kt-inside-inner-col > .aligncenter{width:100%;}.kadence-column465_b32d72-44 > .kt-inside-inner-col:before{opacity:0.3;}.kadence-column465_b32d72-44{position:relative;}@media all and (max-width: 1024px){.kadence-column465_b32d72-44 > .kt-inside-inner-col{flex-direction:column;justify-content:center;}}@media all and (max-width: 767px){.kadence-column465_b32d72-44 > .kt-inside-inner-col{flex-direction:column;justify-content:center;}}<\/style>\n<div class=\"wp-block-kadence-column kadence-column465_b32d72-44\"><div class=\"kt-inside-inner-col\">\n<p><a href=\"https:\/\/buer.ch\/\" target=\"_blank\" rel=\"noreferrer noopener\"><strong>B\u00fcR<\/strong><\/a>, B\u00fcren an der Aare <br><strong><a href=\"https:\/\/atelier-verdan.ch\/\" target=\"_blank\" rel=\"noreferrer noopener\">Atelier Verdan<\/a><\/strong>, Biel\/Bienne<\/p>\n\n\n\n<p><strong><a rel=\"noreferrer noopener\" href=\"http:\/\/www.brasserie-la-marmotte.ch\/\" target=\"_blank\">Brasserie la Marmotte<\/a><\/strong>, Biel\/Bienne <br><strong><a rel=\"noreferrer noopener\" href=\"https:\/\/www.du-chene.ch\/\" target=\"_blank\">Distillerie du Chene<\/a><\/strong>, Biel\/Bienne <br><strong><a rel=\"noreferrer noopener\" href=\"https:\/\/www.pommeverte.ch\/\" target=\"_blank\">La Pomme Verte<\/a><\/strong>, Biel\/Bienne <br><strong><a rel=\"noreferrer noopener\" href=\"https:\/\/www.druckspecht79.ch\/\" target=\"_blank\">Druckspecht79<\/a><\/strong>, Biel\/Bienne<br><strong><a rel=\"noreferrer noopener\" href=\"http:\/\/www.cafe-choucas.ch\/\" target=\"_blank\">Caf\u00e9 Choucas<\/a><\/strong>, Biel\/Bienne <br><strong><a href=\"https:\/\/misterix.ch\/\" target=\"_blank\" rel=\"noreferrer noopener\">Misterix<\/a><\/strong>, Biel\/Bienne<\/p>\n\n\n\n<p>Brasserie la Marmotte, Crans-Montana <br>Caf\u00e9 Choucas, Crans-Montana<br>Hotel du Lac, Crans-Montana<\/p>\n\n\n\n<p><strong><a rel=\"noreferrer noopener\" href=\"https:\/\/www.bueren.ch\/tourismus\/\" target=\"_blank\">B\u00fcren Tourismus<\/a><\/strong><br><strong><a href=\"https:\/\/www.j3l.ch\/de\/Z10487\/biel-bienne-seeland-tourismus\" target=\"_blank\" rel=\"noreferrer noopener\">Biel \/ Seeland Tourismus<\/a><\/strong><\/p>\n<\/div><\/div>\n\n\n<style>.kadence-column465_826f8d-a0 > .kt-inside-inner-col,.kadence-column465_826f8d-a0 > .kt-inside-inner-col:before{border-top-left-radius:0px;border-top-right-radius:0px;border-bottom-right-radius:0px;border-bottom-left-radius:0px;}.kadence-column465_826f8d-a0 > .kt-inside-inner-col{column-gap:var(--global-kb-gap-sm, 1rem);}.kadence-column465_826f8d-a0 > .kt-inside-inner-col{flex-direction:column;}.kadence-column465_826f8d-a0 > .kt-inside-inner-col > .aligncenter{width:100%;}.kadence-column465_826f8d-a0 > .kt-inside-inner-col{background-image:url('https:\/\/loeoeli-bier.ch\/wp-content\/uploads\/2023\/08\/Bur-Bistroterasse.webp');background-size:cover;background-position:center center;background-attachment:scroll;background-repeat:no-repeat;}.kadence-column465_826f8d-a0 > .kt-inside-inner-col:before{opacity:0.3;}.kadence-column465_826f8d-a0{position:relative;}@media all and (max-width: 1024px){.kadence-column465_826f8d-a0 > .kt-inside-inner-col{flex-direction:column;justify-content:center;}}@media all and (max-width: 767px){.kadence-column465_826f8d-a0 > .kt-inside-inner-col{flex-direction:column;justify-content:center;}}<\/style>\n<div class=\"wp-block-kadence-column kadence-column465_826f8d-a0\"><div class=\"kt-inside-inner-col\"><\/div><\/div>\n\n<\/div><\/div>","protected":false},"excerpt":{"rendered":"<p>Liste de liens B\u00fcR, B\u00fcren an der Aare Atelier Verdan, Biel\/Bienne Brasserie la Marmotte, Biel\/Bienne Distillerie du Chene, Biel\/Bienne La Pomme Verte, Biel\/Bienne Druckspecht79, Biel\/BienneCaf\u00e9 Choucas, Biel\/Bienne Misterix, Biel\/Bienne Brasserie la Marmotte, Crans-Montana Caf\u00e9 Choucas, Crans-MontanaHotel du Lac, Crans-Montana B\u00fcren TourismusBiel \/ Seeland Tourismus<\/p>\n","protected":false},"author":1,"featured_media":0,"parent":0,"menu_order":0,"comment_status":"closed","ping_status":"closed","template":"","meta":{"_acf_changed":false,"_kad_blocks_custom_css":"","_kad_blocks_head_custom_js":"","_kad_blocks_body_custom_js":"","_kad_blocks_footer_custom_js":"","_kad_post_transparent":"enable","_kad_post_title":"hide","_kad_post_layout":"fullwidth","_kad_post_sidebar_id":"","_kad_post_content_style":"unboxed","_kad_post_vertical_padding":"show","_kad_post_feature":"hide","_kad_post_feature_position":"","_kad_post_header":false,"_kad_post_footer":true,"_kad_post_classname":"","slim_seo":{"title":"Liens - L\u00f6\u00f6li Bier aus der B\u00fcR","description":""},"footnotes":""},"class_list":["post-465","page","type-page","status-publish","hentry"],"acf":[],"taxonomy_info":[],"featured_image_src_large":false,"author_info":{"display_name":"marcelheiniger","author_link":"https:\/\/loeoeli-bier.ch\/fr\/author\/marcelheiniger\/"},"comment_info":0,"_links":{"self":[{"href":"https:\/\/loeoeli-bier.ch\/fr\/wp-json\/wp\/v2\/pages\/465","targetHints":{"allow":["GET"]}}],"collection":[{"href":"https:\/\/loeoeli-bier.ch\/fr\/wp-json\/wp\/v2\/pages"}],"about":[{"href":"https:\/\/loeoeli-bier.ch\/fr\/wp-json\/wp\/v2\/types\/page"}],"author":[{"embeddable":true,"href":"https:\/\/loeoeli-bier.ch\/fr\/wp-json\/wp\/v2\/users\/1"}],"replies":[{"embeddable":true,"href":"https:\/\/loeoeli-bier.ch\/fr\/wp-json\/wp\/v2\/comments?post=465"}],"version-history":[{"count":5,"href":"https:\/\/loeoeli-bier.ch\/fr\/wp-json\/wp\/v2\/pages\/465\/revisions"}],"predecessor-version":[{"id":474,"href":"https:\/\/loeoeli-bier.ch\/fr\/wp-json\/wp\/v2\/pages\/465\/revisions\/474"}],"wp:attachment":[{"href":"https:\/\/loeoeli-bier.ch\/fr\/wp-json\/wp\/v2\/media?parent=465"}],"curies":[{"name":"wp","href":"https:\/\/api.w.org\/{rel}","templated":true}]}}